{"id":401,"date":"2025-02-21T12:16:01","date_gmt":"2025-02-21T11:16:01","guid":{"rendered":"http:\/\/deschawu.de\/wordpress\/?page_id=401"},"modified":"2025-02-24T13:05:46","modified_gmt":"2025-02-24T12:05:46","slug":"ueber-uns-ohne-vorlage","status":"publish","type":"page","link":"https:\/\/deschawu.de\/wordpress\/ueber-uns-ohne-vorlage\/","title":{"rendered":"\u00dcber uns"},"content":{"rendered":"\n<div class=\"wp-block-uagb-container uagb-block-2b45ba3c alignwide uagb-is-root-container\">\n<div class=\"wp-block-uagb-container uagb-block-4722ef9a\">\n<figure class=\"wp-block-image size-large has-custom-border is-style-rounded\"><img decoding=\"async\" src=\"https:\/\/deschawu.de\/wordpress\/wp-content\/uploads\/2025\/02\/UeberUns-1024x519.jpg\" alt=\"\" class=\"wp-image-387\" style=\"border-radius:8px\"\/><\/figure>\n<\/div>\n\n\n\n<div class=\"wp-block-uagb-container uagb-block-8272f413\">\n<div class=\"wp-block-uagb-info-box uagb-block-02a216ef uagb-infobox__content-wrap  uagb-infobox-icon-above-title uagb-infobox-image-valign-top\"><div class=\"uagb-ifb-content\"><div class=\"uagb-ifb-title-wrap\"><h3 class=\"uagb-ifb-title\">Bock auf eine unvergessliche Partynacht?<\/h3><\/div><p class=\"uagb-ifb-desc\">Wir haben f\u00fcr Euch die gr\u00f6\u00dften Partyhits, legend\u00e4re Rock- und Popklassiker sowie echte \u00dcberraschungen im Gep\u00e4ck \u2013 alles 100% live und mit voller Energie.<\/p><\/div><\/div>\n<\/div>\n<\/div>\n\n\n\n<div class=\"wp-block-uagb-container uagb-block-6c7cb8a2 alignfull uagb-is-root-container\"><div class=\"uagb-container-inner-blocks-wrap\">\n<div style=\"height:17px\" aria-hidden=\"true\" class=\"wp-block-spacer\"><\/div>\n<\/div><\/div>\n\n\n\n<div class=\"wp-block-uagb-container uagb-block-b02a01b4 alignwide uagb-is-root-container\">\n<div class=\"wp-block-uagb-container uagb-block-198b5adb\">\n<div class=\"wp-block-uagb-info-box uagb-block-f143d16f uagb-infobox__content-wrap  uagb-infobox-icon-above-title uagb-infobox-image-valign-top\"><div class=\"uagb-ifb-content\"><div class=\"uagb-ifb-title-wrap\"><h3 class=\"uagb-ifb-title\">FEIERN, TANZEN, MITSINGEN!<\/h3><\/div><p class=\"uagb-ifb-desc\">Ob Stadtfest, Firmenevent, Hochzeit oder private Feier \u2013 Deschaw\u00fc sorgt f\u00fcr beste Stimmung und ein mitrei\u00dfendes Live-erlebnis. Unser vielseitiges Coverprogramm bringt jede Party in Schwung und garantiert unvergessliche Momente.<\/p><\/div><\/div>\n\n\n\n<div class=\"wp-block-buttons is-content-justification-center is-layout-flex wp-container-core-buttons-is-layout-a89b3969 wp-block-buttons-is-layout-flex\">\n<div class=\"wp-block-button\"><a class=\"wp-block-button__link wp-element-button\" href=\"https:\/\/deschawu.de\/wordpress\/kontakt\/\">Jetzt anfragen<\/a><\/div>\n<\/div>\n<\/div>\n\n\n\n<div class=\"wp-block-uagb-container uagb-block-67bc3440\">\n<figure class=\"wp-block-image size-large has-custom-border\"><img loading=\"lazy\" decoding=\"async\" width=\"1024\" height=\"683\" src=\"https:\/\/deschawu.de\/wordpress\/wp-content\/uploads\/2025\/02\/71773497_1132459490285605_2970542000597630976_n-1024x683.jpg\" alt=\"\" class=\"wp-image-79\" style=\"border-radius:8px\" srcset=\"https:\/\/deschawu.de\/wordpress\/wp-content\/uploads\/2025\/02\/71773497_1132459490285605_2970542000597630976_n-1024x683.jpg 1024w, https:\/\/deschawu.de\/wordpress\/wp-content\/uploads\/2025\/02\/71773497_1132459490285605_2970542000597630976_n-300x200.jpg 300w, https:\/\/deschawu.de\/wordpress\/wp-content\/uploads\/2025\/02\/71773497_1132459490285605_2970542000597630976_n-768x512.jpg 768w, https:\/\/deschawu.de\/wordpress\/wp-content\/uploads\/2025\/02\/71773497_1132459490285605_2970542000597630976_n-1536x1024.jpg 1536w, https:\/\/deschawu.de\/wordpress\/wp-content\/uploads\/2025\/02\/71773497_1132459490285605_2970542000597630976_n.jpg 1944w\" sizes=\"auto, (max-width: 1024px) 100vw, 1024px\" \/><\/figure>\n<\/div>\n<\/div>\n\n\n\n<div class=\"wp-block-uagb-container uagb-block-a8ac339a alignfull uagb-is-root-container\"><div class=\"uagb-container-inner-blocks-wrap\">\n<div style=\"height:17px\" aria-hidden=\"true\" class=\"wp-block-spacer\"><\/div>\n<\/div><\/div>\n\n\n\n<div class=\"wp-block-uagb-container uagb-block-e5fefe6e alignwide uagb-is-root-container\">\n<div class=\"wp-block-uagb-container uagb-block-f49c03db\">\n<figure class=\"wp-block-image size-large has-custom-border\"><img loading=\"lazy\" decoding=\"async\" width=\"1024\" height=\"768\" src=\"https:\/\/deschawu.de\/wordpress\/wp-content\/uploads\/2025\/02\/331569433_919424462576251_6086640697623539035_n-1024x768.jpg\" alt=\"\" class=\"wp-image-83\" style=\"border-radius:8px\" srcset=\"https:\/\/deschawu.de\/wordpress\/wp-content\/uploads\/2025\/02\/331569433_919424462576251_6086640697623539035_n-1024x768.jpg 1024w, https:\/\/deschawu.de\/wordpress\/wp-content\/uploads\/2025\/02\/331569433_919424462576251_6086640697623539035_n-300x225.jpg 300w, https:\/\/deschawu.de\/wordpress\/wp-content\/uploads\/2025\/02\/331569433_919424462576251_6086640697623539035_n-768x576.jpg 768w, https:\/\/deschawu.de\/wordpress\/wp-content\/uploads\/2025\/02\/331569433_919424462576251_6086640697623539035_n-1536x1152.jpg 1536w, https:\/\/deschawu.de\/wordpress\/wp-content\/uploads\/2025\/02\/331569433_919424462576251_6086640697623539035_n.jpg 1600w\" sizes=\"auto, (max-width: 1024px) 100vw, 1024px\" \/><\/figure>\n<\/div>\n\n\n\n<div class=\"wp-block-uagb-container uagb-block-ae626744\">\n<div class=\"wp-block-uagb-info-box uagb-block-2e340dc1 uagb-infobox__content-wrap  uagb-infobox-icon-above-title uagb-infobox-image-valign-top\"><div class=\"uagb-ifb-content\"><div class=\"uagb-ifb-title-wrap\"><h3 class=\"uagb-ifb-title\">Bereit f\u00fcr eine unvergessliche Partynacht?<\/h3><\/div><p class=\"uagb-ifb-desc\">Wenn \u201eI Wanna Dance with Somebody\u201c durch die Boxen schallt, \u201eAfrica\u201c die Nostalgie weckt und \u201eUnder the Moon of Love\u201c f\u00fcr romantische Momente sorgt, gibt es kein Halten mehr!<br><br>Wir bringen Euch mit \u201eShut Up and Dance\u201c zum Tanzen, lassen euch bei \u201eDon\u2019t Stop Believin&#8217;\u201c lauthals mitsingen und sorgen mit \u201eSkandal im Sperrbezirk\u201c und \u201eSternenhimmel\u201c f\u00fcr eche Kultmomente.<br><br>Und wenn dann noch \u201eI\u2019m So Excited\u201c erklingt und \u201eWe will Rock You\u201c das Finale einl\u00e4utet, ist klar: Diese Party wird legend\u00e4r!<br><br><strong>Lust auf genau dieses Feeling?<\/strong><\/p><\/div><\/div>\n<\/div>\n<\/div>\n\n\n\n<p><\/p>\n","protected":false},"excerpt":{"rendered":"","protected":false},"author":1,"featured_media":0,"parent":0,"menu_order":0,"comment_status":"closed","ping_status":"closed","template":"","meta":{"_uag_custom_page_level_css":"","site-sidebar-layout":"default","site-content-layout":"","ast-site-content-layout":"","site-content-style":"default","site-sidebar-style":"default","ast-global-header-display":"","ast-banner-title-visibility":"","ast-main-header-display":"","ast-hfb-above-header-display":"","ast-hfb-below-header-display":"","ast-hfb-mobile-header-display":"","site-post-title":"","ast-breadcrumbs-content":"","ast-featured-img":"","footer-sml-layout":"","theme-transparent-header-meta":"","adv-header-id-meta":"","stick-header-meta":"","header-above-stick-meta":"","header-main-stick-meta":"","header-below-stick-meta":"","astra-migrate-meta-layouts":"default","ast-page-background-enabled":"default","ast-page-background-meta":{"desktop":{"background-color":"var(--ast-global-color-5)","background-image":"","background-repeat":"repeat","background-position":"center center","background-size":"auto","background-attachment":"scroll","background-type":"","background-media":"","overlay-type":"","overlay-color":"","overlay-opacity":"","overlay-gradient":""},"tablet":{"background-color":"","background-image":"","background-repeat":"repeat","background-position":"center center","background-size":"auto","background-attachment":"scroll","background-type":"","background-media":"","overlay-type":"","overlay-color":"","overlay-opacity":"","overlay-gradient":""},"mobile":{"background-color":"","background-image":"","background-repeat":"repeat","background-position":"center center","background-size":"auto","background-attachment":"scroll","background-type":"","background-media":"","overlay-type":"","overlay-color":"","overlay-opacity":"","overlay-gradient":""}},"ast-content-background-meta":{"desktop":{"background-color":"var(--ast-global-color-4)","background-image":"","background-repeat":"repeat","background-position":"center center","background-size":"auto","background-attachment":"scroll","background-type":"","background-media":"","overlay-type":"","overlay-color":"","overlay-opacity":"","overlay-gradient":""},"tablet":{"background-color":"var(--ast-global-color-4)","background-image":"","background-repeat":"repeat","background-position":"center center","background-size":"auto","background-attachment":"scroll","background-type":"","background-media":"","overlay-type":"","overlay-color":"","overlay-opacity":"","overlay-gradient":""},"mobile":{"background-color":"var(--ast-global-color-4)","background-image":"","background-repeat":"repeat","background-position":"center center","background-size":"auto","background-attachment":"scroll","background-type":"","background-media":"","overlay-type":"","overlay-color":"","overlay-opacity":"","overlay-gradient":""}},"footnotes":""},"class_list":["post-401","page","type-page","status-publish","hentry"],"uagb_featured_image_src":{"full":false,"thumbnail":false,"medium":false,"medium_large":false,"large":false,"1536x1536":false,"2048x2048":false},"uagb_author_info":{"display_name":"Mario","author_link":"https:\/\/deschawu.de\/wordpress\/author\/web14\/"},"uagb_comment_info":0,"uagb_excerpt":null,"_links":{"self":[{"href":"https:\/\/deschawu.de\/wordpress\/wp-json\/wp\/v2\/pages\/401","targetHints":{"allow":["GET"]}}],"collection":[{"href":"https:\/\/deschawu.de\/wordpress\/wp-json\/wp\/v2\/pages"}],"about":[{"href":"https:\/\/deschawu.de\/wordpress\/wp-json\/wp\/v2\/types\/page"}],"author":[{"embeddable":true,"href":"https:\/\/deschawu.de\/wordpress\/wp-json\/wp\/v2\/users\/1"}],"replies":[{"embeddable":true,"href":"https:\/\/deschawu.de\/wordpress\/wp-json\/wp\/v2\/comments?post=401"}],"version-history":[{"count":23,"href":"https:\/\/deschawu.de\/wordpress\/wp-json\/wp\/v2\/pages\/401\/revisions"}],"predecessor-version":[{"id":433,"href":"https:\/\/deschawu.de\/wordpress\/wp-json\/wp\/v2\/pages\/401\/revisions\/433"}],"wp:attachment":[{"href":"https:\/\/deschawu.de\/wordpress\/wp-json\/wp\/v2\/media?parent=401"}],"curies":[{"name":"wp","href":"https:\/\/api.w.org\/{rel}","templated":true}]}}